{"id":4507,"date":"2025-01-31T10:05:33","date_gmt":"2025-01-31T09:05:33","guid":{"rendered":"https:\/\/cnatm-1.betapage.de\/?page_id=4507"},"modified":"2025-01-31T10:14:12","modified_gmt":"2025-01-31T09:14:12","slug":"kontakt","status":"publish","type":"page","link":"https:\/\/cnatm.de\/en\/kontakt\/","title":{"rendered":"Contact"},"content":{"rendered":"<div data-elementor-type=\"wp-page\" data-elementor-id=\"4507\" class=\"elementor elementor-4507\" data-elementor-settings=\"{&quot;ha_cmc_init_switcher&quot;:&quot;no&quot;}\" data-elementor-post-type=\"page\">\n\t\t\t\t\t\t<section class=\"elementor-section elementor-top-section elementor-element elementor-element-350506f3 p-clean-h-v14-1  elementor-section-full_width elementor-section-content-middle elementor-section-height-default elementor-section-height-default\" data-id=\"350506f3\" data-element_type=\"section\" id=\"p-clean-h-v14-1\" data-settings=\"{&quot;background_background&quot;:&quot;classic&quot;}\">\n\t\t\t\t\t\t<div class=\"elementor-container elementor-column-gap-default\">\n\t\t\t\t\t<div class=\"elementor-column elementor-col-100 elementor-top-column elementor-element elementor-element-2a2c74d6 outer-col\" data-id=\"2a2c74d6\" data-element_type=\"column\">\n\t\t\t<div class=\"elementor-widget-wrap elementor-element-populated\">\n\t\t\t\t\t\t<section class=\"elementor-section elementor-inner-section elementor-element elementor-element-1430318e inn elementor-section-content-middle elementor-section-boxed elementor-section-height-default elementor-section-height-default\" data-id=\"1430318e\" data-element_type=\"section\" data-settings=\"{&quot;background_background&quot;:&quot;classic&quot;}\">\n\t\t\t\t\t\t<div class=\"elementor-container elementor-column-gap-default\">\n\t\t\t\t\t<div class=\"elementor-column elementor-col-100 elementor-inner-column elementor-element elementor-element-a4b0cec col21 animated-slow\" data-id=\"a4b0cec\" data-element_type=\"column\" data-settings=\"{&quot;animation&quot;:&quot;none&quot;,&quot;animation_delay&quot;:0,&quot;background_background&quot;:&quot;classic&quot;}\">\n\t\t\t<div class=\"elementor-widget-wrap elementor-element-populated\">\n\t\t\t\t\t\t<div class=\"elementor-element elementor-element-7cb744f elementor-widget__width-initial elementor-widget elementor-widget-heading\" data-id=\"7cb744f\" data-element_type=\"widget\" data-widget_type=\"heading.default\">\n\t\t\t\t<div class=\"elementor-widget-container\">\n\t\t\t\t\t<h2 class=\"elementor-heading-title elementor-size-default\">Contact<\/h2>\t\t\t\t<\/div>\n\t\t\t\t<\/div>\n\t\t\t\t\t<\/div>\n\t\t<\/div>\n\t\t\t\t\t<\/div>\n\t\t<\/section>\n\t\t\t\t\t<\/div>\n\t\t<\/div>\n\t\t\t\t\t<\/div>\n\t\t<\/section>\n\t\t\t\t<section class=\"elementor-section elementor-top-section elementor-element elementor-element-2af0c37 elementor-section-boxed elementor-section-height-default elementor-section-height-default\" data-id=\"2af0c37\" data-element_type=\"section\" data-settings=\"{&quot;shape_divider_top&quot;:&quot;multi-wave&quot;,&quot;shape_divider_bottom&quot;:&quot;multi-wave&quot;}\">\n\t\t\t\t\t<div class=\"elementor-shape elementor-shape-top\" aria-hidden=\"true\" data-negative=\"false\">\n\t\t\t<svg xmlns=\"http:\/\/www.w3.org\/2000\/svg\" viewbox=\"0 0 4080 400\" preserveaspectratio=\"none\">\r\n<path class=\"elementor-shape-fill ha-shape-divider\" opacity=\"0.2\" enable-background=\"new    \" d=\"M4080,79.3V0L1179.4,0v79.3c0,0,694.9,437.4,1471.3,275.6\tS3575.7-152.5,4080,79.3z\"\/>\r\n<path class=\"elementor-shape-fill ha-shape-divider\" opacity=\"0.2\" enable-background=\"new    \" d=\"M2249,79.3V0L0,0l0,79.3c0,0,43.3,437.4,819.8,275.6S1744.7-152.5,2249,79.3z\"\/>\r\n<path class=\"elementor-shape-fill ha-shape-divider\" opacity=\"0.2\" enable-background=\"new    \" d=\"M2631.6,49.8c0,0-596.3,547.3-1468.8,230.2S0,95.6,0,95.6L0,0l2631.6,0V49.8z\"\/>\r\n<path class=\"elementor-shape-fill ha-shape-divider\" opacity=\"0.2\" enable-background=\"new    \" d=\"M4080,95.6c0,0-428.4,501.5-1208.9,184.4S1831,95.6,1831,95.6V0l2249,0V95.6z\"\/>\r\n<path class=\"elementor-shape-fill ha-shape-divider\" d=\"M4080,0v192.6c-392.4,177-703.2,95.6-1075-34.1c-214.6-74.8-508-126-839.1,6.1c-149.2,59.5-447.2,203.4-1026.2,10.8\tC313.2-99.5,0,95.6,0,95.6L0,0l2249,0L4080,0z\"\/>\r\n<\/svg>\r\n\t\t<\/div>\n\t\t\t\t<div class=\"elementor-shape elementor-shape-bottom\" aria-hidden=\"true\" data-negative=\"false\">\n\t\t\t<svg xmlns=\"http:\/\/www.w3.org\/2000\/svg\" viewbox=\"0 0 4080 400\" preserveaspectratio=\"none\">\r\n<path class=\"elementor-shape-fill ha-shape-divider\" opacity=\"0.2\" enable-background=\"new    \" d=\"M4080,79.3V0L1179.4,0v79.3c0,0,694.9,437.4,1471.3,275.6\tS3575.7-152.5,4080,79.3z\"\/>\r\n<path class=\"elementor-shape-fill ha-shape-divider\" opacity=\"0.2\" enable-background=\"new    \" d=\"M2249,79.3V0L0,0l0,79.3c0,0,43.3,437.4,819.8,275.6S1744.7-152.5,2249,79.3z\"\/>\r\n<path class=\"elementor-shape-fill ha-shape-divider\" opacity=\"0.2\" enable-background=\"new    \" d=\"M2631.6,49.8c0,0-596.3,547.3-1468.8,230.2S0,95.6,0,95.6L0,0l2631.6,0V49.8z\"\/>\r\n<path class=\"elementor-shape-fill ha-shape-divider\" opacity=\"0.2\" enable-background=\"new    \" d=\"M4080,95.6c0,0-428.4,501.5-1208.9,184.4S1831,95.6,1831,95.6V0l2249,0V95.6z\"\/>\r\n<path class=\"elementor-shape-fill ha-shape-divider\" d=\"M4080,0v192.6c-392.4,177-703.2,95.6-1075-34.1c-214.6-74.8-508-126-839.1,6.1c-149.2,59.5-447.2,203.4-1026.2,10.8\tC313.2-99.5,0,95.6,0,95.6L0,0l2249,0L4080,0z\"\/>\r\n<\/svg>\r\n\t\t<\/div>\n\t\t\t\t\t<div class=\"elementor-container elementor-column-gap-default\">\n\t\t\t\t\t<div class=\"elementor-column elementor-col-100 elementor-top-column elementor-element elementor-element-27bb870\" data-id=\"27bb870\" data-element_type=\"column\">\n\t\t\t<div class=\"elementor-widget-wrap\">\n\t\t\t\t\t\t\t<\/div>\n\t\t<\/div>\n\t\t\t\t\t<\/div>\n\t\t<\/section>\n\t\t\t\t<section class=\"elementor-section elementor-top-section elementor-element elementor-element-48554ed elementor-section-boxed elementor-section-height-default elementor-section-height-default\" data-id=\"48554ed\" data-element_type=\"section\">\n\t\t\t\t\t\t<div class=\"elementor-container elementor-column-gap-default\">\n\t\t\t\t\t<div class=\"elementor-column elementor-col-50 elementor-top-column elementor-element elementor-element-94d1e55\" data-id=\"94d1e55\" data-element_type=\"column\">\n\t\t\t<div class=\"elementor-widget-wrap elementor-element-populated\">\n\t\t\t\t\t\t<div class=\"elementor-element elementor-element-7d8bc8b elementor-widget elementor-widget-text-editor\" data-id=\"7d8bc8b\" data-element_type=\"widget\" data-widget_type=\"text-editor.default\">\n\t\t\t\t<div class=\"elementor-widget-container\">\n\t\t\t\t\t\t\t\t\t<h4>If you have any questions, you can reach us using the contact details below. We look forward to hearing from you!<\/h4>\t\t\t\t\t\t\t\t<\/div>\n\t\t\t\t<\/div>\n\t\t\t\t\t<\/div>\n\t\t<\/div>\n\t\t\t\t<div class=\"elementor-column elementor-col-50 elementor-top-column elementor-element elementor-element-f6f46d7\" data-id=\"f6f46d7\" data-element_type=\"column\">\n\t\t\t<div class=\"elementor-widget-wrap elementor-element-populated\">\n\t\t\t\t\t\t<div class=\"elementor-element elementor-element-2a51690 elementor-widget elementor-widget-text-editor\" data-id=\"2a51690\" data-element_type=\"widget\" data-widget_type=\"text-editor.default\">\n\t\t\t\t<div class=\"elementor-widget-container\">\n\t\t\t\t\t\t\t\t\t<h4>Follow our LinkedIn channel and never miss any more news<\/h4>\t\t\t\t\t\t\t\t<\/div>\n\t\t\t\t<\/div>\n\t\t\t\t<div class=\"elementor-element elementor-element-acce2a3 elementor-view-default elementor-widget elementor-widget-icon\" data-id=\"acce2a3\" data-element_type=\"widget\" data-widget_type=\"icon.default\">\n\t\t\t\t<div class=\"elementor-widget-container\">\n\t\t\t\t\t\t\t<div class=\"elementor-icon-wrapper\">\n\t\t\t<div class=\"elementor-icon\">\n\t\t\t<i aria-hidden=\"true\" class=\"fab fa-linkedin\"><\/i>\t\t\t<\/div>\n\t\t<\/div>\n\t\t\t\t\t\t<\/div>\n\t\t\t\t<\/div>\n\t\t\t\t\t<\/div>\n\t\t<\/div>\n\t\t\t\t\t<\/div>\n\t\t<\/section>\n\t\t\t\t<section class=\"elementor-section elementor-top-section elementor-element elementor-element-1274d5d elementor-section-boxed elementor-section-height-default elementor-section-height-default\" data-id=\"1274d5d\" data-element_type=\"section\">\n\t\t\t\t\t\t<div class=\"elementor-container elementor-column-gap-default\">\n\t\t\t\t\t<div class=\"elementor-column elementor-col-100 elementor-top-column elementor-element elementor-element-21e98e4\" data-id=\"21e98e4\" data-element_type=\"column\">\n\t\t\t<div class=\"elementor-widget-wrap elementor-element-populated\">\n\t\t\t\t\t\t<div class=\"elementor-element elementor-element-4fe2f1c elementor-widget elementor-widget-spacer\" data-id=\"4fe2f1c\" data-element_type=\"widget\" data-widget_type=\"spacer.default\">\n\t\t\t\t<div class=\"elementor-widget-container\">\n\t\t\t\t\t\t\t<div class=\"elementor-spacer\">\n\t\t\t<div class=\"elementor-spacer-inner\"><\/div>\n\t\t<\/div>\n\t\t\t\t\t\t<\/div>\n\t\t\t\t<\/div>\n\t\t\t\t\t<\/div>\n\t\t<\/div>\n\t\t\t\t\t<\/div>\n\t\t<\/section>\n\t\t\t\t<section class=\"elementor-section elementor-top-section elementor-element elementor-element-0b204ae elementor-section-boxed elementor-section-height-default elementor-section-height-default\" data-id=\"0b204ae\" data-element_type=\"section\">\n\t\t\t\t\t\t<div class=\"elementor-container elementor-column-gap-default\">\n\t\t\t\t\t<div class=\"elementor-column elementor-col-50 elementor-top-column elementor-element elementor-element-f26d662\" data-id=\"f26d662\" data-element_type=\"column\">\n\t\t\t<div class=\"elementor-widget-wrap elementor-element-populated\">\n\t\t\t\t\t\t<div class=\"elementor-element elementor-element-38cb3a7 elementor-widget elementor-widget-text-editor\" data-id=\"38cb3a7\" data-element_type=\"widget\" data-widget_type=\"text-editor.default\">\n\t\t\t\t<div class=\"elementor-widget-container\">\n\t\t\t\t\t\t\t\t\t<p><strong>\u00a0<\/strong><\/p><p><strong>CNATM Management @ LMU<\/strong><\/p><p>Ludwig Maximilian University of Munich<br \/>Institute of Chemical Epigenetics - ICEM<\/p><p>W\u00fcrmtalstr. 201<br \/>81377 Munich<br \/>Germany<\/p><p>+49 89 2180 77755<br \/><a href=\"mailto:nada.raddaoui@cup.uni-muenchen.de\">nada.raddaoui@cup.uni-muenchen.de<\/a><\/p>\t\t\t\t\t\t\t\t<\/div>\n\t\t\t\t<\/div>\n\t\t\t\t\t<\/div>\n\t\t<\/div>\n\t\t\t\t<div class=\"elementor-column elementor-col-50 elementor-top-column elementor-element elementor-element-bfdf939\" data-id=\"bfdf939\" data-element_type=\"column\">\n\t\t\t<div class=\"elementor-widget-wrap elementor-element-populated\">\n\t\t\t\t\t\t<div class=\"elementor-element elementor-element-92357b4 elementor-widget elementor-widget-text-editor\" data-id=\"92357b4\" data-element_type=\"widget\" data-widget_type=\"text-editor.default\">\n\t\t\t\t<div class=\"elementor-widget-container\">\n\t\t\t\t\t\t\t\t\t<p><strong>\u00a0<\/strong><\/p><p><strong style=\"font-family: var( --e-global-typography-text-font-family ), Sans-serif; font-size: var( --e-global-typography-text-font-size ); font-style: var( --e-global-typography-text-font-style );\">CNATM Management @ TUM<br \/><\/strong><\/p><p>Technical University of Munich<br \/>Institute of Pharmacology and Toxicology - IPT<\/p><p>Biedersteiner Str. 29<br \/>80802 Munich<br \/>Germany<\/p><p>+49 89 4140 3262<br \/><a href=\"mailto:patrizia.torelli@tum.de\">patrizia.torelli@tum.de<\/a><\/p>\t\t\t\t\t\t\t\t<\/div>\n\t\t\t\t<\/div>\n\t\t\t\t\t<\/div>\n\t\t<\/div>\n\t\t\t\t\t<\/div>\n\t\t<\/section>\n\t\t\t\t<section class=\"elementor-section elementor-top-section elementor-element elementor-element-4c7c71e elementor-section-boxed elementor-section-height-default elementor-section-height-default\" data-id=\"4c7c71e\" data-element_type=\"section\">\n\t\t\t\t\t\t<div class=\"elementor-container elementor-column-gap-default\">\n\t\t\t\t\t<div class=\"elementor-column elementor-col-100 elementor-top-column elementor-element elementor-element-f056c4f\" data-id=\"f056c4f\" data-element_type=\"column\">\n\t\t\t<div class=\"elementor-widget-wrap elementor-element-populated\">\n\t\t\t\t\t\t<div class=\"elementor-element elementor-element-3c66ab0 elementor-widget elementor-widget-spacer\" data-id=\"3c66ab0\" data-element_type=\"widget\" data-widget_type=\"spacer.default\">\n\t\t\t\t<div class=\"elementor-widget-container\">\n\t\t\t\t\t\t\t<div class=\"elementor-spacer\">\n\t\t\t<div class=\"elementor-spacer-inner\"><\/div>\n\t\t<\/div>\n\t\t\t\t\t\t<\/div>\n\t\t\t\t<\/div>\n\t\t\t\t\t<\/div>\n\t\t<\/div>\n\t\t\t\t\t<\/div>\n\t\t<\/section>\n\t\t\t\t<\/div>","protected":false},"excerpt":{"rendered":"<p>Kontakt Bei Fragen k\u00f6nnen Sie uns \u00fcber die untenstehenden Kontaktdaten erreichen. Wir freuen uns! Unserem LinkedIn Kanal folgen und keine Neuigkeiten mehr verpassen \u00a0 CNATM Management @ LMU Ludwig-Maximilians-Universit\u00e4t M\u00fcnchenInstitut f\u00fcr Chemische Epigenetik &#8211; ICEM W\u00fcrmtalstr. 20181377 M\u00fcnchenGermany +49 89 2180 77755nada.raddaoui@cup.uni-muenchen.de \u00a0 CNATM Management @ TUM Technische Universit\u00e4t M\u00fcnchenInstitut f\u00fcr Pharmakologie und Toxikologie &#8211; [&hellip;]<\/p>","protected":false},"author":11,"featured_media":0,"parent":0,"menu_order":0,"comment_status":"closed","ping_status":"closed","template":"elementor_header_footer","meta":{"_acf_changed":false,"footnotes":""},"class_list":["post-4507","page","type-page","status-publish","hentry"],"acf":[],"yoast_head":"<!-- This site is optimized with the Yoast SEO plugin v26.5 - https:\/\/yoast.com\/wordpress\/plugins\/seo\/ -->\n<title>Kontakt - CNATM<\/title>\n<meta name=\"robots\" content=\"index, follow, max-snippet:-1, max-image-preview:large, max-video-preview:-1\" \/>\n<link rel=\"canonical\" href=\"https:\/\/cnatm.de\/en\/kontakt\/\" \/>\n<meta property=\"og:locale\" content=\"en_US\" \/>\n<meta property=\"og:type\" content=\"article\" \/>\n<meta property=\"og:title\" content=\"Kontakt - CNATM\" \/>\n<meta property=\"og:description\" content=\"Kontakt Bei Fragen k\u00f6nnen Sie uns \u00fcber die untenstehenden Kontaktdaten erreichen. Wir freuen uns! Unserem LinkedIn Kanal folgen und keine Neuigkeiten mehr verpassen \u00a0 CNATM Management @ LMU Ludwig-Maximilians-Universit\u00e4t M\u00fcnchenInstitut f\u00fcr Chemische Epigenetik &#8211; ICEM W\u00fcrmtalstr. 20181377 M\u00fcnchenGermany +49 89 2180 77755nada.raddaoui@cup.uni-muenchen.de \u00a0 CNATM Management @ TUM Technische Universit\u00e4t M\u00fcnchenInstitut f\u00fcr Pharmakologie und Toxikologie &#8211; [&hellip;]\" \/>\n<meta property=\"og:url\" content=\"https:\/\/cnatm.de\/en\/kontakt\/\" \/>\n<meta property=\"og:site_name\" content=\"CNATM\" \/>\n<meta property=\"article:modified_time\" content=\"2025-01-31T09:14:12+00:00\" \/>\n<meta name=\"twitter:card\" content=\"summary_large_image\" \/>\n<meta name=\"twitter:label1\" content=\"Est. reading time\" \/>\n\t<meta name=\"twitter:data1\" content=\"1 minute\" \/>\n<script type=\"application\/ld+json\" class=\"yoast-schema-graph\">{\"@context\":\"https:\/\/schema.org\",\"@graph\":[{\"@type\":\"WebPage\",\"@id\":\"https:\/\/cnatm.de\/kontakt\/\",\"url\":\"https:\/\/cnatm.de\/kontakt\/\",\"name\":\"Kontakt - CNATM\",\"isPartOf\":{\"@id\":\"https:\/\/cnatm.de\/#website\"},\"datePublished\":\"2025-01-31T09:05:33+00:00\",\"dateModified\":\"2025-01-31T09:14:12+00:00\",\"inLanguage\":\"en-US\",\"potentialAction\":[{\"@type\":\"ReadAction\",\"target\":[\"https:\/\/cnatm.de\/kontakt\/\"]}]},{\"@type\":\"WebSite\",\"@id\":\"https:\/\/cnatm.de\/#website\",\"url\":\"https:\/\/cnatm.de\/\",\"name\":\"CNATM\",\"description\":\"Cluster for Nucleic Acid Therapeutics Munich\",\"publisher\":{\"@id\":\"https:\/\/cnatm.de\/#organization\"},\"potentialAction\":[{\"@type\":\"SearchAction\",\"target\":{\"@type\":\"EntryPoint\",\"urlTemplate\":\"https:\/\/cnatm.de\/?s={search_term_string}\"},\"query-input\":{\"@type\":\"PropertyValueSpecification\",\"valueRequired\":true,\"valueName\":\"search_term_string\"}}],\"inLanguage\":\"en-US\"},{\"@type\":\"Organization\",\"@id\":\"https:\/\/cnatm.de\/#organization\",\"name\":\"CNATM\",\"url\":\"https:\/\/cnatm.de\/\",\"logo\":{\"@type\":\"ImageObject\",\"inLanguage\":\"en-US\",\"@id\":\"https:\/\/cnatm.de\/#\/schema\/logo\/image\/\",\"url\":\"https:\/\/cnatm.de\/wp-content\/uploads\/2022\/02\/CNATM-Logo-mit-Zusatz-RGB-bunt-schwarz.jpg\",\"contentUrl\":\"https:\/\/cnatm.de\/wp-content\/uploads\/2022\/02\/CNATM-Logo-mit-Zusatz-RGB-bunt-schwarz.jpg\",\"width\":2362,\"height\":479,\"caption\":\"CNATM\"},\"image\":{\"@id\":\"https:\/\/cnatm.de\/#\/schema\/logo\/image\/\"}}]}<\/script>\n<!-- \/ Yoast SEO plugin. -->","yoast_head_json":{"title":"Kontakt - CNATM","robots":{"index":"index","follow":"follow","max-snippet":"max-snippet:-1","max-image-preview":"max-image-preview:large","max-video-preview":"max-video-preview:-1"},"canonical":"https:\/\/cnatm.de\/en\/kontakt\/","og_locale":"en_US","og_type":"article","og_title":"Kontakt - CNATM","og_description":"Kontakt Bei Fragen k\u00f6nnen Sie uns \u00fcber die untenstehenden Kontaktdaten erreichen. Wir freuen uns! Unserem LinkedIn Kanal folgen und keine Neuigkeiten mehr verpassen \u00a0 CNATM Management @ LMU Ludwig-Maximilians-Universit\u00e4t M\u00fcnchenInstitut f\u00fcr Chemische Epigenetik &#8211; ICEM W\u00fcrmtalstr. 20181377 M\u00fcnchenGermany +49 89 2180 77755nada.raddaoui@cup.uni-muenchen.de \u00a0 CNATM Management @ TUM Technische Universit\u00e4t M\u00fcnchenInstitut f\u00fcr Pharmakologie und Toxikologie &#8211; [&hellip;]","og_url":"https:\/\/cnatm.de\/en\/kontakt\/","og_site_name":"CNATM","article_modified_time":"2025-01-31T09:14:12+00:00","twitter_card":"summary_large_image","twitter_misc":{"Est. reading time":"1 minute"},"schema":{"@context":"https:\/\/schema.org","@graph":[{"@type":"WebPage","@id":"https:\/\/cnatm.de\/kontakt\/","url":"https:\/\/cnatm.de\/kontakt\/","name":"Kontakt - CNATM","isPartOf":{"@id":"https:\/\/cnatm.de\/#website"},"datePublished":"2025-01-31T09:05:33+00:00","dateModified":"2025-01-31T09:14:12+00:00","inLanguage":"en-US","potentialAction":[{"@type":"ReadAction","target":["https:\/\/cnatm.de\/kontakt\/"]}]},{"@type":"WebSite","@id":"https:\/\/cnatm.de\/#website","url":"https:\/\/cnatm.de\/","name":"CNATM","description":"Cluster for Nucleic Acid Therapeutics Munich","publisher":{"@id":"https:\/\/cnatm.de\/#organization"},"potentialAction":[{"@type":"SearchAction","target":{"@type":"EntryPoint","urlTemplate":"https:\/\/cnatm.de\/?s={search_term_string}"},"query-input":{"@type":"PropertyValueSpecification","valueRequired":true,"valueName":"search_term_string"}}],"inLanguage":"en-US"},{"@type":"Organization","@id":"https:\/\/cnatm.de\/#organization","name":"CNATM","url":"https:\/\/cnatm.de\/","logo":{"@type":"ImageObject","inLanguage":"en-US","@id":"https:\/\/cnatm.de\/#\/schema\/logo\/image\/","url":"https:\/\/cnatm.de\/wp-content\/uploads\/2022\/02\/CNATM-Logo-mit-Zusatz-RGB-bunt-schwarz.jpg","contentUrl":"https:\/\/cnatm.de\/wp-content\/uploads\/2022\/02\/CNATM-Logo-mit-Zusatz-RGB-bunt-schwarz.jpg","width":2362,"height":479,"caption":"CNATM"},"image":{"@id":"https:\/\/cnatm.de\/#\/schema\/logo\/image\/"}}]}},"_links":{"self":[{"href":"https:\/\/cnatm.de\/en\/wp-json\/wp\/v2\/pages\/4507","targetHints":{"allow":["GET"]}}],"collection":[{"href":"https:\/\/cnatm.de\/en\/wp-json\/wp\/v2\/pages"}],"about":[{"href":"https:\/\/cnatm.de\/en\/wp-json\/wp\/v2\/types\/page"}],"author":[{"embeddable":true,"href":"https:\/\/cnatm.de\/en\/wp-json\/wp\/v2\/users\/11"}],"replies":[{"embeddable":true,"href":"https:\/\/cnatm.de\/en\/wp-json\/wp\/v2\/comments?post=4507"}],"version-history":[{"count":41,"href":"https:\/\/cnatm.de\/en\/wp-json\/wp\/v2\/pages\/4507\/revisions"}],"predecessor-version":[{"id":5350,"href":"https:\/\/cnatm.de\/en\/wp-json\/wp\/v2\/pages\/4507\/revisions\/5350"}],"wp:attachment":[{"href":"https:\/\/cnatm.de\/en\/wp-json\/wp\/v2\/media?parent=4507"}],"curies":[{"name":"wp","href":"https:\/\/api.w.org\/{rel}","templated":true}]}}