{"id":596,"date":"2023-05-17T09:47:23","date_gmt":"2023-05-17T07:47:23","guid":{"rendered":"https:\/\/schneider.betapage.de\/?page_id=596"},"modified":"2024-05-17T18:02:13","modified_gmt":"2024-05-17T16:02:13","slug":"impressum","status":"publish","type":"page","link":"https:\/\/cnatm.de\/en\/impressum\/","title":{"rendered":"Imprint"},"content":{"rendered":"<div data-elementor-type=\"wp-page\" data-elementor-id=\"596\" class=\"elementor elementor-596\" data-elementor-settings=\"{&quot;ha_cmc_init_switcher&quot;:&quot;no&quot;}\" data-elementor-post-type=\"page\">\n\t\t\t\t\t\t<section class=\"elementor-section elementor-top-section elementor-element elementor-element-594bf380 p-clean-h-v14-1  elementor-section-full_width elementor-section-content-middle animated-slow elementor-section-height-default elementor-section-height-default\" data-id=\"594bf380\" data-element_type=\"section\" id=\"p-clean-h-v14-1\" data-settings=\"{&quot;background_background&quot;:&quot;classic&quot;,&quot;animation&quot;:&quot;none&quot;}\">\n\t\t\t\t\t\t<div class=\"elementor-container elementor-column-gap-default\">\n\t\t\t\t\t<div class=\"elementor-column elementor-col-100 elementor-top-column elementor-element elementor-element-227e0492 outer-col\" data-id=\"227e0492\" data-element_type=\"column\">\n\t\t\t<div class=\"elementor-widget-wrap elementor-element-populated\">\n\t\t\t\t\t\t<section class=\"elementor-section elementor-inner-section elementor-element elementor-element-770817f4 inn elementor-section-content-middle elementor-section-boxed elementor-section-height-default elementor-section-height-default\" data-id=\"770817f4\" data-element_type=\"section\" data-settings=\"{&quot;background_background&quot;:&quot;classic&quot;}\">\n\t\t\t\t\t\t<div class=\"elementor-container elementor-column-gap-default\">\n\t\t\t\t\t<div class=\"elementor-column elementor-col-100 elementor-inner-column elementor-element elementor-element-571dd068 col21\" data-id=\"571dd068\" data-element_type=\"column\">\n\t\t\t<div class=\"elementor-widget-wrap elementor-element-populated\">\n\t\t\t\t\t\t<div class=\"elementor-element elementor-element-6f4c329 elementor-widget elementor-widget-heading\" data-id=\"6f4c329\" data-element_type=\"widget\" data-widget_type=\"heading.default\">\n\t\t\t\t<div class=\"elementor-widget-container\">\n\t\t\t\t\t<h2 class=\"elementor-heading-title elementor-size-default\">Impressum und Disclaimer<\/h2>\t\t\t\t<\/div>\n\t\t\t\t<\/div>\n\t\t\t\t<div class=\"elementor-element elementor-element-8d90f8c bs elementor-widget elementor-widget-text-editor\" data-id=\"8d90f8c\" data-element_type=\"widget\" data-widget_type=\"text-editor.default\">\n\t\t\t\t<div class=\"elementor-widget-container\">\n\t\t\t\t\t\t\t\t\t<p>Informationen gem\u00e4\u00df \u00a7 5 Telemediengesetz und \u00a7 18 Abs. 2 Medienstaatsvertrag (MStV)<\/p>\t\t\t\t\t\t\t\t<\/div>\n\t\t\t\t<\/div>\n\t\t\t\t\t<\/div>\n\t\t<\/div>\n\t\t\t\t\t<\/div>\n\t\t<\/section>\n\t\t\t\t\t<\/div>\n\t\t<\/div>\n\t\t\t\t\t<\/div>\n\t\t<\/section>\n\t\t\t\t<section class=\"elementor-section elementor-top-section elementor-element elementor-element-3af8a5d2 padding-100 elementor-section-boxed elementor-section-height-default elementor-section-height-default\" data-id=\"3af8a5d2\" data-element_type=\"section\" id=\"padding-100\">\n\t\t\t\t\t\t<div class=\"elementor-container elementor-column-gap-default\">\n\t\t\t\t\t<div class=\"elementor-column elementor-col-100 elementor-top-column elementor-element elementor-element-27616f2e\" data-id=\"27616f2e\" data-element_type=\"column\">\n\t\t\t<div class=\"elementor-widget-wrap elementor-element-populated\">\n\t\t\t\t\t\t<div class=\"elementor-element elementor-element-41dcdc8a padd-100 elementor-widget elementor-widget-spacer\" data-id=\"41dcdc8a\" data-element_type=\"widget\" data-widget_type=\"spacer.default\">\n\t\t\t\t<div class=\"elementor-widget-container\">\n\t\t\t\t\t\t\t<div class=\"elementor-spacer\">\n\t\t\t<div class=\"elementor-spacer-inner\"><\/div>\n\t\t<\/div>\n\t\t\t\t\t\t<\/div>\n\t\t\t\t<\/div>\n\t\t\t\t\t<\/div>\n\t\t<\/div>\n\t\t\t\t\t<\/div>\n\t\t<\/section>\n\t\t\t\t<section class=\"elementor-section elementor-top-section elementor-element elementor-element-2455bf3f elementor-section-full_width p-clean-hl2-v3-1 elementor-section-height-default elementor-section-height-default\" data-id=\"2455bf3f\" data-element_type=\"section\" id=\"p-clean-hl2-v3-1\">\n\t\t\t\t\t\t<div class=\"elementor-container elementor-column-gap-default\">\n\t\t\t\t\t<div class=\"elementor-column elementor-col-100 elementor-top-column elementor-element elementor-element-7d4178ba\" data-id=\"7d4178ba\" data-element_type=\"column\">\n\t\t\t<div class=\"elementor-widget-wrap\">\n\t\t\t\t\t\t\t<\/div>\n\t\t<\/div>\n\t\t\t\t\t<\/div>\n\t\t<\/section>\n\t\t\t\t<section class=\"elementor-section elementor-top-section elementor-element elementor-element-61d861bc padding-20 elementor-section-boxed elementor-section-height-default elementor-section-height-default\" data-id=\"61d861bc\" data-element_type=\"section\" id=\"padding-20\">\n\t\t\t\t\t\t<div class=\"elementor-container elementor-column-gap-default\">\n\t\t\t\t\t<div class=\"elementor-column elementor-col-100 elementor-top-column elementor-element elementor-element-51b25a89\" data-id=\"51b25a89\" data-element_type=\"column\">\n\t\t\t<div class=\"elementor-widget-wrap elementor-element-populated\">\n\t\t\t\t\t\t<div class=\"elementor-element elementor-element-4a08240d padd-20 elementor-widget elementor-widget-spacer\" data-id=\"4a08240d\" data-element_type=\"widget\" data-widget_type=\"spacer.default\">\n\t\t\t\t<div class=\"elementor-widget-container\">\n\t\t\t\t\t\t\t<div class=\"elementor-spacer\">\n\t\t\t<div class=\"elementor-spacer-inner\"><\/div>\n\t\t<\/div>\n\t\t\t\t\t\t<\/div>\n\t\t\t\t<\/div>\n\t\t\t\t\t<\/div>\n\t\t<\/div>\n\t\t\t\t\t<\/div>\n\t\t<\/section>\n\t\t\t\t<section class=\"elementor-section elementor-top-section elementor-element elementor-element-6754b5cd p-clean-co-v4-1 elementor-section-full_width elementor-section-height-default elementor-section-height-default\" data-id=\"6754b5cd\" data-element_type=\"section\" id=\"p-clean-co-v4-1\">\n\t\t\t\t\t\t<div class=\"elementor-container elementor-column-gap-default\">\n\t\t\t\t\t<div class=\"elementor-column elementor-col-100 elementor-top-column elementor-element elementor-element-307772f\" data-id=\"307772f\" data-element_type=\"column\">\n\t\t\t<div class=\"elementor-widget-wrap elementor-element-populated\">\n\t\t\t\t\t\t<section class=\"elementor-section elementor-inner-section elementor-element elementor-element-11eb859b animated-slow elementor-section-boxed elementor-section-height-default elementor-section-height-default elementor-invisible\" data-id=\"11eb859b\" data-element_type=\"section\" data-settings=\"{&quot;animation&quot;:&quot;fadeInUp&quot;}\">\n\t\t\t\t\t\t<div class=\"elementor-container elementor-column-gap-default\">\n\t\t\t\t\t<div class=\"elementor-column elementor-col-100 elementor-inner-column elementor-element elementor-element-9d2fd5c\" data-id=\"9d2fd5c\" data-element_type=\"column\">\n\t\t\t<div class=\"elementor-widget-wrap elementor-element-populated\">\n\t\t\t\t\t\t<div class=\"elementor-element elementor-element-296c1fac elementor-widget elementor-widget-text-editor\" data-id=\"296c1fac\" data-element_type=\"widget\" data-widget_type=\"text-editor.default\">\n\t\t\t\t<div class=\"elementor-widget-container\">\n\t\t\t\t\t\t\t\t\t<div class=\"rte__content\">\n<p>Die Ludwig-Maximilians-Universit\u00e4t M\u00fcnchen ist eine K\u00f6rperschaft des \u00f6ffentlichen Rechts. Sie wird durch den Pr\u00e4sidenten Prof. Dr. Dr. h.c. Bernd Huber gesetzlich vertreten.<\/p>\n<\/div>\n<div class=\"rte__content\">\n<h2>Anschrift<\/h2>\n<p>Ludwig Maximilian University of Munich<br>Geschwister-Scholl-Platz 1<br>80539 M\u00fcnchen<\/p>\n<p><\/p>\n<p>Telefon: <a class=\"is-phone\" href=\"tel:+498921800\">+49 89 2180-0<\/a><br>E-Mail: <a class=\"is-mail\" href=\"mailto:poststelle@verwaltung.uni-muenchen.de\">poststelle@verwaltung.uni-muenchen.de<\/a><\/p>\n<\/div>\n<div class=\"rte__content\">\n<h2>Hinweise zur verschl\u00fcsselten Kommunikation<\/h2>\n<p>F\u00fcr den Fall, dass Sie eine verschl\u00fcsselte Nachricht an uns senden wollen, benutzen Sie bitte das \u00f6ffentliche S\/MIME (X509-) Zertifikat f\u00fcr die Verschl\u00fcsselung Ihrer Nachricht.<\/p>\n<\/div>\n<div class=\"rte__content\">\n<h2>Zust\u00e4ndige Aufsichtsbeh\u00f6rde<\/h2>\n<p>Bayerisches Staatsministerium f\u00fcr Wissenschaft und Kunst<br>Salvatorstra\u00dfe 2<br>80327 M\u00fcnchen<\/p>\n<p><\/p>\n<p>Website: <a class=\"is-external\" href=\"https:\/\/www.km.bayern.de\/index_wm.html\" target=\"_blank\" rel=\"noopener\">https:\/\/www.km.bayern.de\/index_wm.html<\/a><\/p>\n<\/div>\n<div class=\"rte__content\">\n<h2>Umsatzsteuer-Identifikationsnummer der LMU<\/h2>\n<p>Umsatzsteuer-Identifikationsnummer gem\u00e4\u00df \u00a7 27 a Umsatzsteuergesetz: DE811205325<\/p>\n<\/div>\n<div class=\"rte__content\">\n<h2>Inhaltlich verantwortlich gem\u00e4\u00df \u00a7 18 Abs. 2 MStV<\/h2>\n<p>Ludwig Maximilian University of Munich<br>Herr Dr. Christoph M\u00fclke, Vizepr\u00e4sident f\u00fcr den Bereich der Wirtschafts-und Personalverwaltung<br>E-Mail: <a class=\"is-mail\" href=\"mailto:poststelle@verwaltung.uni-muenchen.de\">poststelle@verwaltung.uni-muenchen.de<\/a><\/p><\/div>\n<div class=\"rte__content\">\n<h2>Freistellungserkl\u00e4rung<\/h2>\n<p>Die Angaben wurden nach bestem Wissen erstellt, Fehler k\u00f6nnen jedoch nicht mit letzter Sicherheit ausgeschlossen werden. Rechtlich verbindlich sind ausschlie\u00dflich die Festlegungen in den einschl\u00e4gigen Rechtsgrundlagen (Gesetze, Verordnungen, Satzungen).<\/p>\n<p><\/p>\n<p>Eine Gew\u00e4hr f\u00fcr die jederzeitige Aktualit\u00e4t, Richtigkeit, Vollst\u00e4ndigkeit und Verf\u00fcgbarkeit der bereitgestellten Informationen k\u00f6nnen wir nicht \u00fcbernehmen.<\/p>\n<p><\/p>\n<p>Wir haften nicht f\u00fcr Sch\u00e4den, die durch die Nutzung dieses Internetangebots entstehen. Dieser Haftungsausschluss gilt nicht, soweit die Vorschriften des \u00a7 839 BGB (Haftung bei Amtspflichtverletzung) einschl\u00e4gig sind. F\u00fcr etwaige Sch\u00e4den, die beim Aufrufen oder Herunterladen von Daten durch Schadsoftware oder der Installation oder Nutzung von Software verursacht werden, wird nicht gehaftet.<\/p>\n<p><\/p>\n<p>Der Haftungsausschluss gilt nicht f\u00fcr Informationen, die in den Anwendungsbereich der Verordnung (EU) 2016\/679 des Europ\u00e4ischen Parlaments und des Rates vom 27. April 2016 (Datenschutz-Grundverordnung) fallen. F\u00fcr diese Informationen wird die Richtigkeit und Aktualit\u00e4t gew\u00e4hrleistet.<\/p>\n<\/div>\n<div class=\"rte__content\">\n<h2>Disclaimer<\/h2>\n<p>In diesem Webangebot befinden sich Querverweise (&#8222;Links&#8220;) zu anderen Internetangeboten der LMU oder externer Dritter. Die Internetseiten \u00f6ffnen sich grunds\u00e4tzlich in einem neuen Fenster automatisch.<\/p>\n<p><\/p>\n<p>Durch den Querverweis vermittelt die LMU den Zugang zur Nutzung dieser Inhalte (\u00a7 8 Telemediengesetz). F\u00fcr diese &#8222;fremden&#8220; Inhalte ist sie nicht verantwortlich, da sie die \u00dcbermittlung der Information nicht veranlasst, den Adressaten der \u00fcbermittelten Informationen nicht ausw\u00e4hlt und die \u00fcbermittelten Informationen auch nicht ausgew\u00e4hlt oder ver\u00e4ndert hat.<\/p>\n<p><\/p>\n<p>Auch eine automatische kurzzeitige Zwischenspeicherung dieser &#8222;fremden Informationen&#8220; erfolgt wegen der gew\u00e4hlten Aufruf- und Verlinkungsmethodik durch die LMU nicht, so dass sich auch dadurch keine Verantwortlichkeit der LMU f\u00fcr diese fremden Inhalte ergibt.<\/p>\n<p><\/p>\n<p>Bei der erstmaligen Verkn\u00fcpfung mit diesen Internetangeboten hat die LMU den fremden Inhalt jedoch daraufhin \u00fcberpr\u00fcft, ob durch ihn eine m\u00f6gliche zivilrechtliche oder strafrechtliche Verantwortung ausgel\u00f6st wird. Wir erhalten aber keine automatischen Informationen \u00fcber Ver\u00e4nderungen der fremden Internetangebote und k\u00f6nnen deren Inhalte auch nicht st\u00e4ndig auf Ver\u00e4nderungen \u00fcberpr\u00fcfen. Deshalb k\u00f6nnen wir auch keine Verantwortung f\u00fcr diese \u00fcbernehmen. F\u00fcr illegale, fehlerhafte oder unvollst\u00e4ndige Inhalte und insbesondere f\u00fcr Sch\u00e4den, die aus der Nutzung oder Nichtnutzung von Informationen Dritter entstehen, haftet allein der jeweilige Anbieter des fremden Internetangebotes. Wir bem\u00fchen uns jedoch, die eingebundenen Verlinkungen regelm\u00e4\u00dfig bez\u00fcglich der genannten Kriterien zu pr\u00fcfen.<\/p>\n<\/div>\t\t\t\t\t\t\t\t<\/div>\n\t\t\t\t<\/div>\n\t\t\t\t\t<\/div>\n\t\t<\/div>\n\t\t\t\t\t<\/div>\n\t\t<\/section>\n\t\t\t\t\t<\/div>\n\t\t<\/div>\n\t\t\t\t\t<\/div>\n\t\t<\/section>\n\t\t\t\t<section class=\"elementor-section elementor-top-section elementor-element elementor-element-44263666 padding-60 elementor-section-boxed elementor-section-height-default elementor-section-height-default\" data-id=\"44263666\" data-element_type=\"section\" id=\"padding-60\">\n\t\t\t\t\t\t<div class=\"elementor-container elementor-column-gap-default\">\n\t\t\t\t\t<div class=\"elementor-column elementor-col-100 elementor-top-column elementor-element elementor-element-70e48dd1\" data-id=\"70e48dd1\" data-element_type=\"column\">\n\t\t\t<div class=\"elementor-widget-wrap elementor-element-populated\">\n\t\t\t\t\t\t<div class=\"elementor-element elementor-element-40455f90 padd-60 elementor-widget elementor-widget-spacer\" data-id=\"40455f90\" data-element_type=\"widget\" data-widget_type=\"spacer.default\">\n\t\t\t\t<div class=\"elementor-widget-container\">\n\t\t\t\t\t\t\t<div class=\"elementor-spacer\">\n\t\t\t<div class=\"elementor-spacer-inner\"><\/div>\n\t\t<\/div>\n\t\t\t\t\t\t<\/div>\n\t\t\t\t<\/div>\n\t\t\t\t\t<\/div>\n\t\t<\/div>\n\t\t\t\t\t<\/div>\n\t\t<\/section>\n\t\t\t\t<\/div>","protected":false},"excerpt":{"rendered":"<p>Impressum und Disclaimer Informationen gem\u00e4\u00df \u00a7 5 Telemediengesetz und \u00a7 18 Abs. 2 Medienstaatsvertrag (MStV) Die Ludwig-Maximilians-Universit\u00e4t M\u00fcnchen ist eine K\u00f6rperschaft des \u00f6ffentlichen Rechts. Sie wird durch den Pr\u00e4sidenten Prof. Dr. Dr. h.c. Bernd Huber gesetzlich vertreten. Anschrift Ludwig-Maximilians-Universit\u00e4t M\u00fcnchenGeschwister-Scholl-Platz 180539 M\u00fcnchen Telefon: +49 89 2180-0E-Mail: poststelle@verwaltung.uni-muenchen.de Hinweise zur verschl\u00fcsselten Kommunikation F\u00fcr den Fall, dass [&hellip;]<\/p>","protected":false},"author":2,"featured_media":0,"parent":0,"menu_order":0,"comment_status":"closed","ping_status":"open","template":"elementor_header_footer","meta":{"_acf_changed":false,"footnotes":""},"class_list":["post-596","page","type-page","status-publish","hentry"],"acf":[],"yoast_head":"<!-- This site is optimized with the Yoast SEO plugin v26.5 - https:\/\/yoast.com\/wordpress\/plugins\/seo\/ -->\n<title>Impressum - CNATM<\/title>\n<meta name=\"robots\" content=\"index, follow, max-snippet:-1, max-image-preview:large, max-video-preview:-1\" \/>\n<link rel=\"canonical\" href=\"https:\/\/cnatm.de\/en\/impressum\/\" \/>\n<meta property=\"og:locale\" content=\"en_US\" \/>\n<meta property=\"og:type\" content=\"article\" \/>\n<meta property=\"og:title\" content=\"Impressum - CNATM\" \/>\n<meta property=\"og:description\" content=\"Impressum und Disclaimer Informationen gem\u00e4\u00df \u00a7 5 Telemediengesetz und \u00a7 18 Abs. 2 Medienstaatsvertrag (MStV) Die Ludwig-Maximilians-Universit\u00e4t M\u00fcnchen ist eine K\u00f6rperschaft des \u00f6ffentlichen Rechts. Sie wird durch den Pr\u00e4sidenten Prof. Dr. Dr. h.c. Bernd Huber gesetzlich vertreten. Anschrift Ludwig-Maximilians-Universit\u00e4t M\u00fcnchenGeschwister-Scholl-Platz 180539 M\u00fcnchen Telefon: +49 89 2180-0E-Mail: poststelle@verwaltung.uni-muenchen.de Hinweise zur verschl\u00fcsselten Kommunikation F\u00fcr den Fall, dass [&hellip;]\" \/>\n<meta property=\"og:url\" content=\"https:\/\/cnatm.de\/en\/impressum\/\" \/>\n<meta property=\"og:site_name\" content=\"CNATM\" \/>\n<meta property=\"article:modified_time\" content=\"2024-05-17T16:02:13+00:00\" \/>\n<meta name=\"twitter:card\" content=\"summary_large_image\" \/>\n<meta name=\"twitter:label1\" content=\"Est. reading time\" \/>\n\t<meta name=\"twitter:data1\" content=\"3 minutes\" \/>\n<script type=\"application\/ld+json\" class=\"yoast-schema-graph\">{\"@context\":\"https:\/\/schema.org\",\"@graph\":[{\"@type\":\"WebPage\",\"@id\":\"https:\/\/cnatm.de\/impressum\/\",\"url\":\"https:\/\/cnatm.de\/impressum\/\",\"name\":\"Impressum - CNATM\",\"isPartOf\":{\"@id\":\"https:\/\/cnatm.de\/#website\"},\"datePublished\":\"2023-05-17T07:47:23+00:00\",\"dateModified\":\"2024-05-17T16:02:13+00:00\",\"inLanguage\":\"en-US\",\"potentialAction\":[{\"@type\":\"ReadAction\",\"target\":[\"https:\/\/cnatm.de\/impressum\/\"]}]},{\"@type\":\"WebSite\",\"@id\":\"https:\/\/cnatm.de\/#website\",\"url\":\"https:\/\/cnatm.de\/\",\"name\":\"CNATM\",\"description\":\"Cluster for Nucleic Acid Therapeutics Munich\",\"publisher\":{\"@id\":\"https:\/\/cnatm.de\/#organization\"},\"potentialAction\":[{\"@type\":\"SearchAction\",\"target\":{\"@type\":\"EntryPoint\",\"urlTemplate\":\"https:\/\/cnatm.de\/?s={search_term_string}\"},\"query-input\":{\"@type\":\"PropertyValueSpecification\",\"valueRequired\":true,\"valueName\":\"search_term_string\"}}],\"inLanguage\":\"en-US\"},{\"@type\":\"Organization\",\"@id\":\"https:\/\/cnatm.de\/#organization\",\"name\":\"CNATM\",\"url\":\"https:\/\/cnatm.de\/\",\"logo\":{\"@type\":\"ImageObject\",\"inLanguage\":\"en-US\",\"@id\":\"https:\/\/cnatm.de\/#\/schema\/logo\/image\/\",\"url\":\"https:\/\/cnatm.de\/wp-content\/uploads\/2022\/02\/CNATM-Logo-mit-Zusatz-RGB-bunt-schwarz.jpg\",\"contentUrl\":\"https:\/\/cnatm.de\/wp-content\/uploads\/2022\/02\/CNATM-Logo-mit-Zusatz-RGB-bunt-schwarz.jpg\",\"width\":2362,\"height\":479,\"caption\":\"CNATM\"},\"image\":{\"@id\":\"https:\/\/cnatm.de\/#\/schema\/logo\/image\/\"}}]}<\/script>\n<!-- \/ Yoast SEO plugin. -->","yoast_head_json":{"title":"Impressum - CNATM","robots":{"index":"index","follow":"follow","max-snippet":"max-snippet:-1","max-image-preview":"max-image-preview:large","max-video-preview":"max-video-preview:-1"},"canonical":"https:\/\/cnatm.de\/en\/impressum\/","og_locale":"en_US","og_type":"article","og_title":"Impressum - CNATM","og_description":"Impressum und Disclaimer Informationen gem\u00e4\u00df \u00a7 5 Telemediengesetz und \u00a7 18 Abs. 2 Medienstaatsvertrag (MStV) Die Ludwig-Maximilians-Universit\u00e4t M\u00fcnchen ist eine K\u00f6rperschaft des \u00f6ffentlichen Rechts. Sie wird durch den Pr\u00e4sidenten Prof. Dr. Dr. h.c. Bernd Huber gesetzlich vertreten. Anschrift Ludwig-Maximilians-Universit\u00e4t M\u00fcnchenGeschwister-Scholl-Platz 180539 M\u00fcnchen Telefon: +49 89 2180-0E-Mail: poststelle@verwaltung.uni-muenchen.de Hinweise zur verschl\u00fcsselten Kommunikation F\u00fcr den Fall, dass [&hellip;]","og_url":"https:\/\/cnatm.de\/en\/impressum\/","og_site_name":"CNATM","article_modified_time":"2024-05-17T16:02:13+00:00","twitter_card":"summary_large_image","twitter_misc":{"Est. reading time":"3 minutes"},"schema":{"@context":"https:\/\/schema.org","@graph":[{"@type":"WebPage","@id":"https:\/\/cnatm.de\/impressum\/","url":"https:\/\/cnatm.de\/impressum\/","name":"Impressum - CNATM","isPartOf":{"@id":"https:\/\/cnatm.de\/#website"},"datePublished":"2023-05-17T07:47:23+00:00","dateModified":"2024-05-17T16:02:13+00:00","inLanguage":"en-US","potentialAction":[{"@type":"ReadAction","target":["https:\/\/cnatm.de\/impressum\/"]}]},{"@type":"WebSite","@id":"https:\/\/cnatm.de\/#website","url":"https:\/\/cnatm.de\/","name":"CNATM","description":"Cluster for Nucleic Acid Therapeutics Munich","publisher":{"@id":"https:\/\/cnatm.de\/#organization"},"potentialAction":[{"@type":"SearchAction","target":{"@type":"EntryPoint","urlTemplate":"https:\/\/cnatm.de\/?s={search_term_string}"},"query-input":{"@type":"PropertyValueSpecification","valueRequired":true,"valueName":"search_term_string"}}],"inLanguage":"en-US"},{"@type":"Organization","@id":"https:\/\/cnatm.de\/#organization","name":"CNATM","url":"https:\/\/cnatm.de\/","logo":{"@type":"ImageObject","inLanguage":"en-US","@id":"https:\/\/cnatm.de\/#\/schema\/logo\/image\/","url":"https:\/\/cnatm.de\/wp-content\/uploads\/2022\/02\/CNATM-Logo-mit-Zusatz-RGB-bunt-schwarz.jpg","contentUrl":"https:\/\/cnatm.de\/wp-content\/uploads\/2022\/02\/CNATM-Logo-mit-Zusatz-RGB-bunt-schwarz.jpg","width":2362,"height":479,"caption":"CNATM"},"image":{"@id":"https:\/\/cnatm.de\/#\/schema\/logo\/image\/"}}]}},"_links":{"self":[{"href":"https:\/\/cnatm.de\/en\/wp-json\/wp\/v2\/pages\/596","targetHints":{"allow":["GET"]}}],"collection":[{"href":"https:\/\/cnatm.de\/en\/wp-json\/wp\/v2\/pages"}],"about":[{"href":"https:\/\/cnatm.de\/en\/wp-json\/wp\/v2\/types\/page"}],"author":[{"embeddable":true,"href":"https:\/\/cnatm.de\/en\/wp-json\/wp\/v2\/users\/2"}],"replies":[{"embeddable":true,"href":"https:\/\/cnatm.de\/en\/wp-json\/wp\/v2\/comments?post=596"}],"version-history":[{"count":35,"href":"https:\/\/cnatm.de\/en\/wp-json\/wp\/v2\/pages\/596\/revisions"}],"predecessor-version":[{"id":3831,"href":"https:\/\/cnatm.de\/en\/wp-json\/wp\/v2\/pages\/596\/revisions\/3831"}],"wp:attachment":[{"href":"https:\/\/cnatm.de\/en\/wp-json\/wp\/v2\/media?parent=596"}],"curies":[{"name":"wp","href":"https:\/\/api.w.org\/{rel}","templated":true}]}}